{"id":3789,"date":"2019-02-05T02:45:13","date_gmt":"2019-02-05T01:45:13","guid":{"rendered":"https:\/\/production.glix.hu\/?page_id=3789"},"modified":"2019-08-09T15:27:24","modified_gmt":"2019-08-09T13:27:24","slug":"ajanlatkeres","status":"publish","type":"page","link":"https:\/\/production.glix.hu\/en\/ajanlatkeres\/","title":{"rendered":"REQUEST FOR QUOTATION"},"content":{"rendered":"\n<div class=\"wpforms-container wpforms-container-full\" id=\"wpforms-4057\"><form id=\"wpforms-form-4057\" class=\"wpforms-validate wpforms-form\" data-formid=\"4057\" method=\"post\" enctype=\"multipart\/form-data\" action=\"\/en\/wp-json\/wp\/v2\/pages\/3789\" data-token=\"5a149f7b97933dfdb05ae910cf7fc964\" data-token-time=\"1778485262\"><noscript class=\"wpforms-error-noscript\">Please enable JavaScript in your browser to complete this form.<\/noscript><div class=\"wpforms-field-container\"><div id=\"wpforms-4057-field_0-container\" class=\"wpforms-field wpforms-field-name\" data-field-id=\"0\"><label class=\"wpforms-field-label wpforms-label-hide\" for=\"wpforms-4057-field_0\">Name <span class=\"wpforms-required-label\">*<\/span><\/label><input type=\"text\" id=\"wpforms-4057-field_0\" class=\"wpforms-field-medium wpforms-field-required\" name=\"wpforms[fields][0]\" placeholder=\"Name *\" required><\/div><div id=\"wpforms-4057-field_3-container\" class=\"wpforms-field wpforms-field-text\" data-field-id=\"3\"><label class=\"wpforms-field-label wpforms-label-hide\" for=\"wpforms-4057-field_3\">Company<\/label><input type=\"text\" id=\"wpforms-4057-field_3\" class=\"wpforms-field-medium\" name=\"wpforms[fields][3]\" placeholder=\"Company\" ><\/div><div id=\"wpforms-4057-field_1-container\" class=\"wpforms-field wpforms-field-email\" data-field-id=\"1\"><label class=\"wpforms-field-label wpforms-label-hide\" for=\"wpforms-4057-field_1\">E-mail <span class=\"wpforms-required-label\">*<\/span><\/label><input type=\"email\" id=\"wpforms-4057-field_1\" class=\"wpforms-field-medium wpforms-field-required\" name=\"wpforms[fields][1]\" placeholder=\"E-mail *\" spellcheck=\"false\" required><\/div><div id=\"wpforms-4057-field_5-container\" class=\"wpforms-field wpforms-field-select wpforms-field-select-style-classic\" data-field-id=\"5\"><label class=\"wpforms-field-label\" for=\"wpforms-4057-field_5\">Services <span class=\"wpforms-required-label\">*<\/span><\/label><select id=\"wpforms-4057-field_5\" class=\"wpforms-field-medium wpforms-field-required\" name=\"wpforms[fields][5]\" required=\"required\"><option value=\"\" class=\"placeholder\" disabled  selected='selected'>- choose from the drop-down menu -<\/option><option value=\"Management Photography\"  class=\"choice-1 depth-1\"  >Management Photography<\/option><option value=\"Event Photography\"  class=\"choice-2 depth-1\"  >Event Photography<\/option><option value=\"Facility Photography\"  class=\"choice-3 depth-1\"  >Facility Photography<\/option><option value=\"Product Photography\"  class=\"choice-4 depth-1\"  >Product Photography<\/option><option value=\"Greenbox Photography\"  class=\"choice-5 depth-1\"  >Greenbox Photography<\/option><option value=\"Gastronomy Photography\"  class=\"choice-6 depth-1\"  >Gastronomy Photography<\/option><\/select><\/div><div id=\"wpforms-4057-field_6-container\" class=\"wpforms-field wpforms-field-text\" data-field-id=\"6\"><label class=\"wpforms-field-label wpforms-label-hide\" for=\"wpforms-4057-field_6\">Planned date of photography  <span class=\"wpforms-required-label\">*<\/span><\/label><input type=\"text\" id=\"wpforms-4057-field_6\" class=\"wpforms-field-medium wpforms-field-required\" name=\"wpforms[fields][6]\" placeholder=\"Planned date of photography (from-to) *\" required><\/div><div id=\"wpforms-4057-field_7-container\" class=\"wpforms-field wpforms-field-text\" data-field-id=\"7\"><label class=\"wpforms-field-label wpforms-label-hide\" for=\"wpforms-4057-field_7\">Planned location of photography <span class=\"wpforms-required-label\">*<\/span><\/label><input type=\"text\" id=\"wpforms-4057-field_7\" class=\"wpforms-field-medium wpforms-field-required\" name=\"wpforms[fields][7]\" placeholder=\"Planned location of photography (town) *\" required><\/div><div id=\"wpforms-4057-field_9-container\" class=\"wpforms-field wpforms-field-checkbox\" data-field-id=\"9\"><label class=\"wpforms-field-label\">Do you need local printing? <span class=\"wpforms-required-label\">*<\/span><\/label><ul id=\"wpforms-4057-field_9\" class=\"wpforms-field-required\"><li class=\"choice-1 depth-1\"><input type=\"checkbox\" id=\"wpforms-4057-field_9_1\" name=\"wpforms[fields][9][]\" value=\"Yes\" required ><label class=\"wpforms-field-label-inline\" for=\"wpforms-4057-field_9_1\">Yes<\/label><\/li><li class=\"choice-2 depth-1\"><input type=\"checkbox\" id=\"wpforms-4057-field_9_2\" name=\"wpforms[fields][9][]\" value=\"No\" required ><label class=\"wpforms-field-label-inline\" for=\"wpforms-4057-field_9_2\">No<\/label><\/li><\/ul><\/div><div id=\"wpforms-4057-field_2-container\" class=\"wpforms-field wpforms-field-textarea\" data-field-id=\"2\"><label class=\"wpforms-field-label wpforms-label-hide\" for=\"wpforms-4057-field_2\">Request details <span class=\"wpforms-required-label\">*<\/span><\/label><textarea id=\"wpforms-4057-field_2\" class=\"wpforms-field-medium wpforms-field-required\" name=\"wpforms[fields][2]\" placeholder=\"You could describe your request details here *\" required><\/textarea><\/div><\/div><!-- .wpforms-field-container --><div class=\"wpforms-field wpforms-field-hp\"><label for=\"wpforms-4057-field-hp\" class=\"wpforms-field-label\">Name<\/label><input type=\"text\" name=\"wpforms[hp]\" id=\"wpforms-4057-field-hp\" class=\"wpforms-field-medium\"><\/div><div class=\"wpforms-submit-container\" ><input type=\"hidden\" name=\"wpforms[id]\" value=\"4057\"><input type=\"hidden\" name=\"page_title\" value=\"\"><input type=\"hidden\" name=\"page_url\" value=\"https:\/\/production.glix.hu\/en\/wp-json\/wp\/v2\/pages\/3789\"><input type=\"hidden\" name=\"url_referer\" value=\"\"><button type=\"submit\" name=\"wpforms[submit]\" id=\"wpforms-submit-4057\" class=\"wpforms-submit\" data-alt-text=\"Sending...\" data-submit-text=\"Send\" aria-live=\"assertive\" value=\"wpforms-submit\">Send<\/button><\/div><\/form><\/div>  <!-- .wpforms-container -->\n\n\n\n<p>GLIX is the biggest photo agency in Hungary and as such, has local photographers for every occasion.<br> You&#8217;ll be matched to a pre-vetted specialist for whatever you&#8217;re shooting.<\/p>\n","protected":false},"excerpt":{"rendered":"<p>GLIX is the biggest photo agency in Hungary and as such, has local photographers for every occasion. You&#8217;ll be matched to a pre-vetted specialist for whatever you&#8217;re shooting.<\/p>\n","protected":false},"author":2,"featured_media":0,"parent":0,"menu_order":0,"comment_status":"closed","ping_status":"closed","template":"templates\/price-request-page.php","meta":{"footnotes":"","_links_to":"","_links_to_target":""},"class_list":["post-3789","page","type-page","status-publish","hentry"],"translation":{"provider":"WPGlobus","version":"3.0.2","language":"en","enabled_languages":["hu","en"],"languages":{"hu":{"title":true,"content":true,"excerpt":false},"en":{"title":true,"content":true,"excerpt":false}}},"yoast_head":"<!-- This site is optimized with the Yoast SEO plugin v27.5 - https:\/\/yoast.com\/product\/yoast-seo-wordpress\/ -->\n<title>GLIX Production - Request for Qutation<\/title>\n<meta name=\"description\" content=\"GLIX has local photographers for every occasion in Hungary. You&#039;ll be matched to a pre-vetted specialist for whatever you&#039;re shooting.\" \/>\n<meta name=\"robots\" content=\"index, follow, max-snippet:-1, max-image-preview:large, max-video-preview:-1\" \/>\n<link rel=\"canonical\" href=\"https:\/\/production.glix.hu\/ajanlatkeres\/\" \/>\n<meta property=\"og:locale\" content=\"en_US\" \/>\n<meta property=\"og:type\" content=\"article\" \/>\n<meta property=\"og:title\" content=\"GLIX Production - Request for Qutation\" \/>\n<meta property=\"og:description\" content=\"GLIX has local photographers for every occasion in Hungary. You&#039;ll be matched to a pre-vetted specialist for whatever you&#039;re shooting.\" \/>\n<meta property=\"og:url\" content=\"https:\/\/production.glix.hu\/ajanlatkeres\/\" \/>\n<meta property=\"og:site_name\" content=\"GLIX Production\" \/>\n<meta property=\"article:modified_time\" content=\"2019-08-09T13:27:24+00:00\" \/>\n<meta name=\"twitter:card\" content=\"summary_large_image\" \/>\n<script type=\"application\/ld+json\" class=\"yoast-schema-graph\">{\"@context\":\"https:\\\/\\\/schema.org\",\"@graph\":[{\"@type\":\"WebPage\",\"@id\":\"https:\\\/\\\/production.glix.hu\\\/ajanlatkeres\\\/\",\"url\":\"https:\\\/\\\/production.glix.hu\\\/ajanlatkeres\\\/\",\"name\":\"GLIX Production - Aj\u00e1nlatk\u00e9r\u00e9s\",\"isPartOf\":{\"@id\":\"https:\\\/\\\/production.glix.hu\\\/en\\\/#website\"},\"datePublished\":\"2019-02-05T01:45:13+00:00\",\"dateModified\":\"2019-08-09T13:27:24+00:00\",\"description\":\"GLIX has local photographers for every occasion in Hungary. You'll be matched to a pre-vetted specialist for whatever you're shooting.\",\"breadcrumb\":{\"@id\":\"https:\\\/\\\/production.glix.hu\\\/ajanlatkeres\\\/#breadcrumb\"},\"inLanguage\":\"en-US\",\"potentialAction\":[{\"@type\":\"ReadAction\",\"target\":[\"https:\\\/\\\/production.glix.hu\\\/ajanlatkeres\\\/\"]}]},{\"@type\":\"BreadcrumbList\",\"@id\":\"https:\\\/\\\/production.glix.hu\\\/ajanlatkeres\\\/#breadcrumb\",\"itemListElement\":[{\"@type\":\"ListItem\",\"position\":1,\"name\":\"Home\",\"item\":\"https:\\\/\\\/production.glix.hu\\\/\"},{\"@type\":\"ListItem\",\"position\":2,\"name\":\"AJ\u00c1NLATK\u00c9R\u00c9S OLDAL\"}]},{\"@type\":\"WebSite\",\"@id\":\"https:\\\/\\\/production.glix.hu\\\/en\\\/#website\",\"url\":\"https:\\\/\\\/production.glix.hu\\\/en\\\/\",\"name\":\"GLIX Production\",\"description\":\"GLIX Photo Agency - photo and video production in Hungary\",\"potentialAction\":[{\"@type\":\"SearchAction\",\"target\":{\"@type\":\"EntryPoint\",\"urlTemplate\":\"https:\\\/\\\/production.glix.hu\\\/en\\\/?s={search_term_string}\"},\"query-input\":{\"@type\":\"PropertyValueSpecification\",\"valueRequired\":true,\"valueName\":\"search_term_string\"}}],\"inLanguage\":\"en-US\"}]}<\/script>\n<!-- \/ Yoast SEO plugin. -->","yoast_head_json":{"title":"GLIX Production - Request for Qutation","description":"GLIX has local photographers for every occasion in Hungary. You'll be matched to a pre-vetted specialist for whatever you're shooting.","robots":{"index":"index","follow":"follow","max-snippet":"max-snippet:-1","max-image-preview":"max-image-preview:large","max-video-preview":"max-video-preview:-1"},"canonical":"https:\/\/production.glix.hu\/ajanlatkeres\/","og_locale":"en_US","og_type":"article","og_title":"GLIX Production - Request for Qutation","og_description":"GLIX has local photographers for every occasion in Hungary. You'll be matched to a pre-vetted specialist for whatever you're shooting.","og_url":"https:\/\/production.glix.hu\/ajanlatkeres\/","og_site_name":"GLIX Production","article_modified_time":"2019-08-09T13:27:24+00:00","twitter_card":"summary_large_image","schema":{"@context":"https:\/\/schema.org","@graph":[{"@type":"WebPage","@id":"https:\/\/production.glix.hu\/ajanlatkeres\/","url":"https:\/\/production.glix.hu\/ajanlatkeres\/","name":"GLIX Production - Aj\u00e1nlatk\u00e9r\u00e9s","isPartOf":{"@id":"https:\/\/production.glix.hu\/en\/#website"},"datePublished":"2019-02-05T01:45:13+00:00","dateModified":"2019-08-09T13:27:24+00:00","description":"GLIX has local photographers for every occasion in Hungary. You'll be matched to a pre-vetted specialist for whatever you're shooting.","breadcrumb":{"@id":"https:\/\/production.glix.hu\/ajanlatkeres\/#breadcrumb"},"inLanguage":"en-US","potentialAction":[{"@type":"ReadAction","target":["https:\/\/production.glix.hu\/ajanlatkeres\/"]}]},{"@type":"BreadcrumbList","@id":"https:\/\/production.glix.hu\/ajanlatkeres\/#breadcrumb","itemListElement":[{"@type":"ListItem","position":1,"name":"Home","item":"https:\/\/production.glix.hu\/"},{"@type":"ListItem","position":2,"name":"AJ\u00c1NLATK\u00c9R\u00c9S OLDAL"}]},{"@type":"WebSite","@id":"https:\/\/production.glix.hu\/en\/#website","url":"https:\/\/production.glix.hu\/en\/","name":"GLIX Production","description":"GLIX Photo Agency - photo and video production in Hungary","potentialAction":[{"@type":"SearchAction","target":{"@type":"EntryPoint","urlTemplate":"https:\/\/production.glix.hu\/en\/?s={search_term_string}"},"query-input":{"@type":"PropertyValueSpecification","valueRequired":true,"valueName":"search_term_string"}}],"inLanguage":"en-US"}]}},"_links":{"self":[{"href":"https:\/\/production.glix.hu\/en\/wp-json\/wp\/v2\/pages\/3789","targetHints":{"allow":["GET"]}}],"collection":[{"href":"https:\/\/production.glix.hu\/en\/wp-json\/wp\/v2\/pages"}],"about":[{"href":"https:\/\/production.glix.hu\/en\/wp-json\/wp\/v2\/types\/page"}],"author":[{"embeddable":true,"href":"https:\/\/production.glix.hu\/en\/wp-json\/wp\/v2\/users\/2"}],"replies":[{"embeddable":true,"href":"https:\/\/production.glix.hu\/en\/wp-json\/wp\/v2\/comments?post=3789"}],"version-history":[{"count":0,"href":"https:\/\/production.glix.hu\/en\/wp-json\/wp\/v2\/pages\/3789\/revisions"}],"wp:attachment":[{"href":"https:\/\/production.glix.hu\/en\/wp-json\/wp\/v2\/media?parent=3789"}],"curies":[{"name":"wp","href":"https:\/\/api.w.org\/{rel}","templated":true}]}}